{"id":25275,"date":"2022-05-09T13:36:12","date_gmt":"2022-05-09T13:36:12","guid":{"rendered":"https:\/\/saytes.com.br\/sindpd\/?page_id=25275"},"modified":"2022-05-19T11:22:15","modified_gmt":"2022-05-19T11:22:15","slug":"convencao","status":"publish","type":"page","link":"https:\/\/sindpd-es.org.br\/site\/?page_id=25275","title":{"rendered":"Conven\u00e7\u00e3o"},"content":{"rendered":"\t\t<div data-elementor-type=\"wp-page\" data-elementor-id=\"25275\" class=\"elementor elementor-25275\">\n\t\t\t\t\t\t\t\t\t<section class=\"elementor-section elementor-top-section elementor-element elementor-element-4ae788b elementor-section-full_width elementor-section-height-default elementor-section-height-default\" data-id=\"4ae788b\" data-element_type=\"section\" data-settings=\"{&quot;background_background&quot;:&quot;classic&quot;,&quot;shape_divider_bottom&quot;:&quot;triangle-asymmetrical&quot;}\">\n\t\t\t\t\t<div class=\"elementor-shape elementor-shape-bottom\" data-negative=\"false\">\n\t\t\t<svg xmlns=\"http:\/\/www.w3.org\/2000\/svg\" viewBox=\"0 0 1000 100\" preserveAspectRatio=\"none\">\n\t<path class=\"elementor-shape-fill\" d=\"M738,99l262-93V0H0v5.6L738,99z\"\/>\n<\/svg>\t\t<\/div>\n\t\t\t\t\t<div class=\"elementor-container elementor-column-gap-no\">\n\t\t\t\t\t<div class=\"elementor-column elementor-col-100 elementor-top-column elementor-element elementor-element-6c31793\" data-id=\"6c31793\" data-element_type=\"column\">\n\t\t\t<div class=\"elementor-widget-wrap elementor-element-populated\">\n\t\t\t\t\t\t\t\t<div class=\"elementor-element elementor-element-51a498e elementor-position-top elementor-vertical-align-top elementor-widget elementor-widget-image-box\" data-id=\"51a498e\" data-element_type=\"widget\" data-widget_type=\"image-box.default\">\n\t\t\t\t<div class=\"elementor-widget-container\">\n\t\t\t<style>\/*! elementor - v3.6.5 - 27-04-2022 *\/\n.elementor-widget-image-box .elementor-image-box-content{width:100%}@media (min-width:768px){.elementor-widget-image-box.elementor-position-left .elementor-image-box-wrapper,.elementor-widget-image-box.elementor-position-right .elementor-image-box-wrapper{display:-webkit-box;display:-ms-flexbox;display:flex}.elementor-widget-image-box.elementor-position-right .elementor-image-box-wrapper{text-align:right;-webkit-box-orient:horizontal;-webkit-box-direction:reverse;-ms-flex-direction:row-reverse;flex-direction:row-reverse}.elementor-widget-image-box.elementor-position-left .elementor-image-box-wrapper{text-align:left;-webkit-box-orient:horizontal;-webkit-box-direction:normal;-ms-flex-direction:row;flex-direction:row}.elementor-widget-image-box.elementor-position-top .elementor-image-box-img{margin:auto}.elementor-widget-image-box.elementor-vertical-align-top .elementor-image-box-wrapper{-webkit-box-align:start;-ms-flex-align:start;align-items:flex-start}.elementor-widget-image-box.elementor-vertical-align-middle .elementor-image-box-wrapper{-webkit-box-align:center;-ms-flex-align:center;align-items:center}.elementor-widget-image-box.elementor-vertical-align-bottom .elementor-image-box-wrapper{-webkit-box-align:end;-ms-flex-align:end;align-items:flex-end}}@media (max-width:767px){.elementor-widget-image-box .elementor-image-box-img{margin-left:auto!important;margin-right:auto!important;margin-bottom:15px}}.elementor-widget-image-box .elementor-image-box-img{display:inline-block}.elementor-widget-image-box .elementor-image-box-title a{color:inherit}.elementor-widget-image-box .elementor-image-box-wrapper{text-align:center}.elementor-widget-image-box .elementor-image-box-description{margin:0}<\/style><div class=\"elementor-image-box-wrapper\"><div class=\"elementor-image-box-content\"><h1 class=\"elementor-image-box-title\">Conven\u00e7\u00e3o<\/h1><\/div><\/div>\t\t<\/div>\n\t\t\t\t<\/div>\n\t\t\t\t\t<\/div>\n\t\t<\/div>\n\t\t\t\t\t\t\t<\/div>\n\t\t<\/section>\n\t\t\t\t<section class=\"elementor-section elementor-top-section elementor-element elementor-element-b4bee10 elementor-section-height-min-height elementor-section-items-top elementor-section-boxed elementor-section-height-default\" data-id=\"b4bee10\" data-element_type=\"section\" data-settings=\"{&quot;background_background&quot;:&quot;classic&quot;}\">\n\t\t\t\t\t\t<div class=\"elementor-container elementor-column-gap-default\">\n\t\t\t\t\t<div class=\"elementor-column elementor-col-100 elementor-top-column elementor-element elementor-element-3e7cdf0\" data-id=\"3e7cdf0\" data-element_type=\"column\">\n\t\t\t<div class=\"elementor-widget-wrap elementor-element-populated\">\n\t\t\t\t\t\t\t\t<div class=\"elementor-element elementor-element-54ddb9b elementor-widget elementor-widget-spacer\" data-id=\"54ddb9b\" data-element_type=\"widget\" data-widget_type=\"spacer.default\">\n\t\t\t\t<div class=\"elementor-widget-container\">\n\t\t\t<style>\/*! elementor - v3.6.5 - 27-04-2022 *\/\n.e-container.e-container--row .elementor-spacer-inner{width:var(--spacer-size)}.e-container.e-container--column .elementor-spacer-inner,.elementor-column .elementor-spacer-inner{height:var(--spacer-size)}<\/style>\t\t<div class=\"elementor-spacer\">\n\t\t\t<div class=\"elementor-spacer-inner\"><\/div>\n\t\t<\/div>\n\t\t\t\t<\/div>\n\t\t\t\t<\/div>\n\t\t\t\t<div class=\"elementor-element elementor-element-2cd51e8 elementor-widget elementor-widget-heading\" data-id=\"2cd51e8\" data-element_type=\"widget\" data-widget_type=\"heading.default\">\n\t\t\t\t<div class=\"elementor-widget-container\">\n\t\t\t<style>\/*! elementor - v3.6.5 - 27-04-2022 *\/\n.elementor-heading-title{padding:0;margin:0;line-height:1}.elementor-widget-heading .elementor-heading-title[class*=elementor-size-]>a{color:inherit;font-size:inherit;line-height:inherit}.elementor-widget-heading .elementor-heading-title.elementor-size-small{font-size:15px}.elementor-widget-heading .elementor-heading-title.elementor-size-medium{font-size:19px}.elementor-widget-heading .elementor-heading-title.elementor-size-large{font-size:29px}.elementor-widget-heading .elementor-heading-title.elementor-size-xl{font-size:39px}.elementor-widget-heading .elementor-heading-title.elementor-size-xxl{font-size:59px}<\/style><h2 class=\"elementor-heading-title elementor-size-default\">O que \u00e9 uma Conven\u00e7\u00e3o Coletiva de Trabalho?<\/h2>\t\t<\/div>\n\t\t\t\t<\/div>\n\t\t\t\t<div class=\"elementor-element elementor-element-2bc9f8a elementor-widget elementor-widget-heading\" data-id=\"2bc9f8a\" data-element_type=\"widget\" data-widget_type=\"heading.default\">\n\t\t\t\t<div class=\"elementor-widget-container\">\n\t\t\t<h4 class=\"elementor-heading-title elementor-size-default\">A Conven\u00e7\u00e3o Coletiva de Trabalho (CCT) \u00e9 o resultado das negocia\u00e7\u00f5es entre sindicatos de empregadores e de empregados. Uma vez por ano, na data-base, \u00e9 convocada Assembl\u00e9ia Geral para instalar o processo de negocia\u00e7\u00f5es coletivas. No caso do SINDPD\/ES, a data-base \u00e9 o dia 1\u00ba de maio.<\/h4>\t\t<\/div>\n\t\t\t\t<\/div>\n\t\t\t\t<div class=\"elementor-element elementor-element-41cfe49 elementor-widget elementor-widget-heading\" data-id=\"41cfe49\" data-element_type=\"widget\" data-widget_type=\"heading.default\">\n\t\t\t\t<div class=\"elementor-widget-container\">\n\t\t\t<h4 class=\"elementor-heading-title elementor-size-default\">Isto significa que, nesta data, reajustes, pisos salariais, benef\u00edcios, direitos e deveres de patr\u00f5es e empregados ser\u00e3o objeto de negocia\u00e7\u00f5es. Se os sindicatos, autorizados pelas respectivas assembl\u00e9ias gerais, estiverem de acordo com as condi\u00e7\u00f5es estipuladas na negocia\u00e7\u00e3o assinam a Conven\u00e7\u00e3o Coletiva de Trabalho, documento que dever\u00e1 ser registrado e homologado no \u00f3rg\u00e3o regional do Minist\u00e9rio do Trabalho (DRT). As determina\u00e7\u00f5es da CCT atingem a todos os integrantes da categoria.<\/h4>\t\t<\/div>\n\t\t\t\t<\/div>\n\t\t\t\t<div class=\"elementor-element elementor-element-05fefc8 elementor-widget elementor-widget-button\" data-id=\"05fefc8\" data-element_type=\"widget\" data-widget_type=\"button.default\">\n\t\t\t\t<div class=\"elementor-widget-container\">\n\t\t\t\t\t<div class=\"elementor-button-wrapper\">\n\t\t\t<a href=\"https:\/\/sindpd-es.org.br\/site\/?cat=34\" class=\"elementor-button-link elementor-button elementor-size-sm\" role=\"button\">\n\t\t\t\t\t\t<span class=\"elementor-button-content-wrapper\">\n\t\t\t\t\t\t<span class=\"elementor-button-text\">Ver Conven\u00e7\u00f5es<\/span>\n\t\t<\/span>\n\t\t\t\t\t<\/a>\n\t\t<\/div>\n\t\t\t\t<\/div>\n\t\t\t\t<\/div>\n\t\t\t\t<div class=\"elementor-element elementor-element-6cfea93 elementor-widget elementor-widget-spacer\" data-id=\"6cfea93\" data-element_type=\"widget\" data-widget_type=\"spacer.default\">\n\t\t\t\t<div class=\"elementor-widget-container\">\n\t\t\t\t\t<div class=\"elementor-spacer\">\n\t\t\t<div class=\"elementor-spacer-inner\"><\/div>\n\t\t<\/div>\n\t\t\t\t<\/div>\n\t\t\t\t<\/div>\n\t\t\t\t\t<\/div>\n\t\t<\/div>\n\t\t\t\t\t\t\t<\/div>\n\t\t<\/section>\n\t\t\t\t\t\t\t<\/div>\n\t\t","protected":false},"excerpt":{"rendered":"<p>Conven\u00e7\u00e3o O que \u00e9 uma Conven\u00e7\u00e3o Coletiva de Trabalho? A Conven\u00e7\u00e3o Coletiva de Trabalho (CCT) \u00e9 o resultado das negocia\u00e7\u00f5es entre sindicatos de empregadores e de empregados. Uma vez por ano, na data-base, \u00e9 convocada Assembl\u00e9ia Geral para instalar o processo de negocia\u00e7\u00f5es coletivas. No caso do SINDPD\/ES, a data-base \u00e9 o dia 1\u00ba de &hellip;<\/p>\n<p class=\"read-more\"> <a class=\"\" href=\"https:\/\/sindpd-es.org.br\/site\/?page_id=25275\"> <span class=\"screen-reader-text\">Conven\u00e7\u00e3o<\/span> Leia mais &raquo;<\/a><\/p>\n","protected":false},"author":1,"featured_media":0,"parent":0,"menu_order":0,"comment_status":"closed","ping_status":"closed","template":"elementor_header_footer","meta":{"pgc_meta":"","site-sidebar-layout":"no-sidebar","site-content-layout":"page-builder","ast-main-header-display":"","ast-hfb-above-header-display":"","ast-hfb-below-header-display":"","ast-hfb-mobile-header-display":"","site-post-title":"disabled","ast-breadcrumbs-content":"","ast-featured-img":"disabled","footer-sml-layout":"","theme-transparent-header-meta":"default","adv-header-id-meta":"","stick-header-meta":"","header-above-stick-meta":"","header-main-stick-meta":"","header-below-stick-meta":"","footnotes":""},"class_list":["post-25275","page","type-page","status-publish","hentry"],"pgc_meta":"","_links":{"self":[{"href":"https:\/\/sindpd-es.org.br\/site\/index.php?rest_route=\/wp\/v2\/pages\/25275","targetHints":{"allow":["GET"]}}],"collection":[{"href":"https:\/\/sindpd-es.org.br\/site\/index.php?rest_route=\/wp\/v2\/pages"}],"about":[{"href":"https:\/\/sindpd-es.org.br\/site\/index.php?rest_route=\/wp\/v2\/types\/page"}],"author":[{"embeddable":true,"href":"https:\/\/sindpd-es.org.br\/site\/index.php?rest_route=\/wp\/v2\/users\/1"}],"replies":[{"embeddable":true,"href":"https:\/\/sindpd-es.org.br\/site\/index.php?rest_route=%2Fwp%2Fv2%2Fcomments&post=25275"}],"version-history":[{"count":10,"href":"https:\/\/sindpd-es.org.br\/site\/index.php?rest_route=\/wp\/v2\/pages\/25275\/revisions"}],"predecessor-version":[{"id":25457,"href":"https:\/\/sindpd-es.org.br\/site\/index.php?rest_route=\/wp\/v2\/pages\/25275\/revisions\/25457"}],"wp:attachment":[{"href":"https:\/\/sindpd-es.org.br\/site\/index.php?rest_route=%2Fwp%2Fv2%2Fmedia&parent=25275"}],"curies":[{"name":"wp","href":"https:\/\/api.w.org\/{rel}","templated":true}]}}